{"id":22,"date":"2023-08-09T11:32:36","date_gmt":"2023-08-09T09:32:36","guid":{"rendered":"https:\/\/wordpress.vecurosoft.com\/kiddino\/?page_id=22"},"modified":"2026-01-27T14:53:25","modified_gmt":"2026-01-27T14:53:25","slug":"contact","status":"publish","type":"page","link":"https:\/\/mariam-nur.com\/tr\/contact\/","title":{"rendered":"ileti\u015fim"},"content":{"rendered":"<div data-elementor-type=\"wp-page\" data-elementor-id=\"22\" class=\"elementor elementor-22\">\n\t\t\t\t\t\t<section class=\"elementor-section elementor-top-section elementor-element elementor-element-89c1bd6 elementor-section-full_width elementor-section-height-default elementor-section-height-default\" data-id=\"89c1bd6\" data-element_type=\"section\">\n\t\t\t\t\t\t<div class=\"elementor-container elementor-column-gap-no\">\n\t\t\t\t\t<div class=\"elementor-column elementor-col-100 elementor-top-column elementor-element elementor-element-e654b93\" data-id=\"e654b93\" data-element_type=\"column\">\n\t\t\t<div class=\"elementor-widget-wrap elementor-element-populated\">\n\t\t\t\t\t\t<section class=\"elementor-section elementor-inner-section elementor-element elementor-element-52ca4b7 elementor-section-boxed elementor-section-height-default elementor-section-height-default\" data-id=\"52ca4b7\" data-element_type=\"section\">\n\t\t\t\t\t\t<div class=\"elementor-container elementor-column-gap-no\">\n\t\t\t\t\t<div class=\"elementor-column elementor-col-33 elementor-inner-column elementor-element elementor-element-ba6236a\" data-id=\"ba6236a\" data-element_type=\"column\">\n\t\t\t<div class=\"elementor-widget-wrap elementor-element-populated\">\n\t\t\t\t\t\t<div class=\"elementor-element elementor-element-b501b28 elementor-widget elementor-widget-kiddinoinfobox\" data-id=\"b501b28\" data-element_type=\"widget\" data-widget_type=\"kiddinoinfobox.default\">\n\t\t\t\t<div class=\"elementor-widget-container\">\n\t\t\t\t\t\t\t<div class=\"info-style2\">\n\t\t\t\t\t\t\t<div class=\"info-icon\">\n\t\t\t\t\t<img decoding=\"async\" src=\"https:\/\/wordpress.vecurosoft.com\/kiddino\/wp-content\/uploads\/2023\/08\/c-b-1-1.svg\" alt=\"icon\"  \/>\t\t\t\t<\/div>\n\t\t\t\n\t\t\t\t\t\t\t<h3 class=\"info-title\">\n\t\t\t\t\t\u0130leti\u015fim numaras\u0131\t\t\t\t<\/h3>\n\t\t\t\t\t\t\n\t\t\t\t\t\t\t\t<p class=\"info-text\">\n\t\t\t\t\t\t905550993299+\t\t\t\t\t<\/p>\n\t\t\t\t\t<\/div>\n\t\t\t\t\t<\/div>\n\t\t\t\t<\/div>\n\t\t\t\t\t<\/div>\n\t\t<\/div>\n\t\t\t\t<div class=\"elementor-column elementor-col-33 elementor-inner-column elementor-element elementor-element-01aad78\" data-id=\"01aad78\" data-element_type=\"column\">\n\t\t\t<div class=\"elementor-widget-wrap elementor-element-populated\">\n\t\t\t\t\t\t<div class=\"elementor-element elementor-element-7ca26bf elementor-widget elementor-widget-kiddinoinfobox\" data-id=\"7ca26bf\" data-element_type=\"widget\" data-widget_type=\"kiddinoinfobox.default\">\n\t\t\t\t<div class=\"elementor-widget-container\">\n\t\t\t\t\t\t\t<div class=\"info-style2\">\n\t\t\t\t\t\t\t<div class=\"info-icon\">\n\t\t\t\t\t<img decoding=\"async\" src=\"https:\/\/wordpress.vecurosoft.com\/kiddino\/wp-content\/uploads\/2023\/08\/c-b-1-2.svg\" alt=\"icon\"  \/>\t\t\t\t<\/div>\n\t\t\t\n\t\t\t\t\t\t\t<h3 class=\"info-title\">\n\t\t\t\t\t\u00c7al\u0131\u015fma saatleri\t\t\t\t<\/h3>\n\t\t\t\t\t\t\n\t\t\t\t\t\t\t\t<p class=\"info-text\">\n\t\t\t\t\t\t8.30am \u2013 08.00pm\t\t\t\t\t<\/p>\n\t\t\t\t\t<\/div>\n\t\t\t\t\t<\/div>\n\t\t\t\t<\/div>\n\t\t\t\t\t<\/div>\n\t\t<\/div>\n\t\t\t\t<div class=\"elementor-column elementor-col-33 elementor-inner-column elementor-element elementor-element-30f4482\" data-id=\"30f4482\" data-element_type=\"column\">\n\t\t\t<div class=\"elementor-widget-wrap elementor-element-populated\">\n\t\t\t\t\t\t<div class=\"elementor-element elementor-element-6722513 elementor-widget elementor-widget-kiddinoinfobox\" data-id=\"6722513\" data-element_type=\"widget\" data-widget_type=\"kiddinoinfobox.default\">\n\t\t\t\t<div class=\"elementor-widget-container\">\n\t\t\t\t\t\t\t<div class=\"info-style2\">\n\t\t\t\t\t\t\t<div class=\"info-icon\">\n\t\t\t\t\t<img decoding=\"async\" src=\"https:\/\/wordpress.vecurosoft.com\/kiddino\/wp-content\/uploads\/2023\/08\/c-b-1-3.svg\" alt=\"icon\"  \/>\t\t\t\t<\/div>\n\t\t\t\n\t\t\t\t\t\t\t<h3 class=\"info-title\">\n\t\t\t\t\te-posta\t\t\t\t<\/h3>\n\t\t\t\t\t\t\n\t\t\t\t\t\t\t\t<p class=\"info-text\">\n\t\t\t\t\t\tinfo@mariam-nur.com\t\t\t\t\t<\/p>\n\t\t\t\t\t<\/div>\n\t\t\t\t\t<\/div>\n\t\t\t\t<\/div>\n\t\t\t\t\t<\/div>\n\t\t<\/div>\n\t\t\t\t\t<\/div>\n\t\t<\/section>\n\t\t\t\t\t<\/div>\n\t\t<\/div>\n\t\t\t\t\t<\/div>\n\t\t<\/section>\n\t\t\t\t<section class=\"elementor-section elementor-top-section elementor-element elementor-element-ae42237 elementor-section-full_width elementor-section-height-default elementor-section-height-default\" data-id=\"ae42237\" data-element_type=\"section\">\n\t\t\t\t\t\t<div class=\"elementor-container elementor-column-gap-no\">\n\t\t\t\t\t<div class=\"elementor-column elementor-col-100 elementor-top-column elementor-element elementor-element-a8c745c\" data-id=\"a8c745c\" data-element_type=\"column\">\n\t\t\t<div class=\"elementor-widget-wrap elementor-element-populated\">\n\t\t\t\t\t\t<section class=\"elementor-section elementor-inner-section elementor-element elementor-element-e776a42 elementor-section-content-middle elementor-section-boxed elementor-section-height-default elementor-section-height-default\" data-id=\"e776a42\" data-element_type=\"section\">\n\t\t\t\t\t\t<div class=\"elementor-container elementor-column-gap-no\">\n\t\t\t\t\t<div class=\"elementor-column elementor-col-50 elementor-inner-column elementor-element elementor-element-5117de1\" data-id=\"5117de1\" data-element_type=\"column\">\n\t\t\t<div class=\"elementor-widget-wrap elementor-element-populated\">\n\t\t\t\t\t\t<div class=\"elementor-element elementor-element-197c032 elementor-widget elementor-widget-kiddinosectiontitle\" data-id=\"197c032\" data-element_type=\"widget\" data-widget_type=\"kiddinosectiontitle.default\">\n\t\t\t\t<div class=\"elementor-widget-container\">\n\t\t\t\t\t<!-- Section Title --><div class=\"title-area\" ><h2 class=\"sec-title title-selector\">Herhangi bir sorunuz varsa bizimle ileti\u015fime ge\u00e7in.<\/h2><p class=\"sec-text\">\n<\/p><\/div><!-- End Section Title -->\t\t\t\t<\/div>\n\t\t\t\t<\/div>\n\t\t\t\t<div class=\"elementor-element elementor-element-7009ed1 elementor-widget elementor-widget-shortcode\" data-id=\"7009ed1\" data-element_type=\"widget\" data-widget_type=\"shortcode.default\">\n\t\t\t\t\t\t\t<div class=\"elementor-shortcode\">\n<div class=\"wpcf7 no-js\" id=\"wpcf7-f2339-o1\" lang=\"en-US\" dir=\"ltr\" data-wpcf7-id=\"2339\">\n<div class=\"screen-reader-response\"><p role=\"status\" aria-live=\"polite\" aria-atomic=\"true\"><\/p> <ul><\/ul><\/div>\n<form action=\"\/tr\/wp-json\/wp\/v2\/pages\/22#wpcf7-f2339-o1\" method=\"post\" class=\"wpcf7-form init\" aria-label=\"Contact form\" novalidate=\"novalidate\" data-status=\"init\" data-trp-original-action=\"\/tr\/wp-json\/wp\/v2\/pages\/22#wpcf7-f2339-o1\">\n<fieldset class=\"hidden-fields-container\"><input type=\"hidden\" name=\"_wpcf7\" value=\"2339\" \/><input type=\"hidden\" name=\"_wpcf7_version\" value=\"6.1.4\" \/><input type=\"hidden\" name=\"_wpcf7_locale\" value=\"en_US\" \/><input type=\"hidden\" name=\"_wpcf7_unit_tag\" value=\"wpcf7-f2339-o1\" \/><input type=\"hidden\" name=\"_wpcf7_container_post\" value=\"0\" \/><input type=\"hidden\" name=\"_wpcf7_posted_data_hash\" value=\"\" \/>\n<\/fieldset>\n<div class=\"form-style3 layout2\">\n    <div class=\"row justify-content-between\">\n        <div class=\"col-md-6 form-group\">\n            <label>First Name <span class=\"required\">(Required)<\/span><\/label>\n            <span class=\"wpcf7-form-control-wrap\" data-name=\"firstname\"><input size=\"40\" maxlength=\"400\" class=\"wpcf7-form-control wpcf7-text wpcf7-validates-as-required\" aria-required=\"true\" aria-invalid=\"false\" value=\"\" type=\"text\" name=\"firstname\" \/><\/span>\n        <\/div>\n\n        <div class=\"col-md-6 form-group\">\n            <label>Last Name <span class=\"required\">(Required)<\/span><\/label>\n            <span class=\"wpcf7-form-control-wrap\" data-name=\"lastname\"><input size=\"40\" maxlength=\"400\" class=\"wpcf7-form-control wpcf7-text wpcf7-validates-as-required\" aria-required=\"true\" aria-invalid=\"false\" value=\"\" type=\"text\" name=\"lastname\" \/><\/span>\n        <\/div>\n\n        <div class=\"col-md-6 form-group\">\n            <label>Email <span class=\"required\">(Required)<\/span><\/label>\n            <span class=\"wpcf7-form-control-wrap\" data-name=\"email-address\"><input size=\"40\" maxlength=\"400\" class=\"wpcf7-form-control wpcf7-email wpcf7-validates-as-required wpcf7-text wpcf7-validates-as-email\" aria-required=\"true\" aria-invalid=\"false\" value=\"\" type=\"email\" name=\"email-address\" \/><\/span>\n        <\/div>\n\n        <div class=\"col-md-6 form-group\">\n            <label>Phone Number <span class=\"required\">(Required)<\/span><\/label>\n            <span class=\"wpcf7-form-control-wrap\" data-name=\"phone-number\"><input size=\"40\" maxlength=\"400\" class=\"wpcf7-form-control wpcf7-tel wpcf7-validates-as-required wpcf7-text wpcf7-validates-as-tel\" aria-required=\"true\" aria-invalid=\"false\" value=\"\" type=\"tel\" name=\"phone-number\" \/><\/span>\n        <\/div>\n\n        <div class=\"col-md-12 form-group\">\n            <label>Message <span class=\"required\">(Required)<\/span><\/label>\n            <span class=\"wpcf7-form-control-wrap\" data-name=\"your-message\"><textarea cols=\"40\" rows=\"10\" maxlength=\"2000\" class=\"wpcf7-form-control wpcf7-textarea\" aria-invalid=\"false\" placeholder=\"Type your message\" name=\"your-message\"><\/textarea><\/span>\n        <\/div>\n        <div class=\"col-auto form-group\">\n            <button class=\"vs-btn wpcf7-submit\" type=\"submit\">Send Message<\/button>\n        <\/div>\n\n    <\/div>\n<\/div><div class=\"wpcf7-response-output\" aria-hidden=\"true\"><\/div>\n<input type=\"hidden\" name=\"trp-form-language\" value=\"tr\"\/><\/form>\n<\/div>\n<\/div>\n\t\t\t\t\t\t<\/div>\n\t\t\t\t\t<\/div>\n\t\t<\/div>\n\t\t\t\t<div class=\"elementor-column elementor-col-50 elementor-inner-column elementor-element elementor-element-fa67efc\" data-id=\"fa67efc\" data-element_type=\"column\">\n\t\t\t<div class=\"elementor-widget-wrap elementor-element-populated\">\n\t\t\t\t\t\t<div class=\"elementor-element elementor-element-f2e8399 elementor-widget elementor-widget-image\" data-id=\"f2e8399\" data-element_type=\"widget\" data-widget_type=\"image.default\">\n\t\t\t\t\t\t\t\t\t\t\t\t\t\t\t<img fetchpriority=\"high\" decoding=\"async\" width=\"751\" height=\"751\" src=\"https:\/\/mariam-nur.com\/wp-content\/uploads\/2026\/01\/kid-entrepreneur-png-badge-sticker-job-photo-blob-shape-transparent-background-1024x1024.png\" class=\"attachment-large size-large wp-image-6613\" alt=\"\" srcset=\"https:\/\/mariam-nur.com\/wp-content\/uploads\/2026\/01\/kid-entrepreneur-png-badge-sticker-job-photo-blob-shape-transparent-background-1024x1024.png 1024w, https:\/\/mariam-nur.com\/wp-content\/uploads\/2026\/01\/kid-entrepreneur-png-badge-sticker-job-photo-blob-shape-transparent-background-300x300.png 300w, https:\/\/mariam-nur.com\/wp-content\/uploads\/2026\/01\/kid-entrepreneur-png-badge-sticker-job-photo-blob-shape-transparent-background-150x150.png 150w, https:\/\/mariam-nur.com\/wp-content\/uploads\/2026\/01\/kid-entrepreneur-png-badge-sticker-job-photo-blob-shape-transparent-background-768x768.png 768w, https:\/\/mariam-nur.com\/wp-content\/uploads\/2026\/01\/kid-entrepreneur-png-badge-sticker-job-photo-blob-shape-transparent-background-100x100.png 100w, https:\/\/mariam-nur.com\/wp-content\/uploads\/2026\/01\/kid-entrepreneur-png-badge-sticker-job-photo-blob-shape-transparent-background-230x230.png 230w, https:\/\/mariam-nur.com\/wp-content\/uploads\/2026\/01\/kid-entrepreneur-png-badge-sticker-job-photo-blob-shape-transparent-background-1536x1536.png 1536w, https:\/\/mariam-nur.com\/wp-content\/uploads\/2026\/01\/kid-entrepreneur-png-badge-sticker-job-photo-blob-shape-transparent-background-2048x2048.png 2048w, https:\/\/mariam-nur.com\/wp-content\/uploads\/2026\/01\/kid-entrepreneur-png-badge-sticker-job-photo-blob-shape-transparent-background-12x12.png 12w, https:\/\/mariam-nur.com\/wp-content\/uploads\/2026\/01\/kid-entrepreneur-png-badge-sticker-job-photo-blob-shape-transparent-background-600x600.png 600w\" sizes=\"(max-width: 751px) 100vw, 751px\" \/>\t\t\t\t\t\t\t\t\t\t\t\t\t\t\t<\/div>\n\t\t\t\t\t<\/div>\n\t\t<\/div>\n\t\t\t\t\t<\/div>\n\t\t<\/section>\n\t\t\t\t\t<\/div>\n\t\t<\/div>\n\t\t\t\t\t<\/div>\n\t\t<\/section>\n\t\t\t\t<section class=\"elementor-section elementor-top-section elementor-element elementor-element-8123084 elementor-section-full_width elementor-section-height-default elementor-section-height-default\" data-id=\"8123084\" data-element_type=\"section\">\n\t\t\t\t\t\t<div class=\"elementor-container elementor-column-gap-no\">\n\t\t\t\t\t<div class=\"elementor-column elementor-col-100 elementor-top-column elementor-element elementor-element-d626720\" data-id=\"d626720\" data-element_type=\"column\">\n\t\t\t<div class=\"elementor-widget-wrap elementor-element-populated\">\n\t\t\t\t\t\t<section class=\"elementor-section elementor-inner-section elementor-element elementor-element-9335498 elementor-section-content-middle elementor-section-boxed elementor-section-height-default elementor-section-height-default\" data-id=\"9335498\" data-element_type=\"section\">\n\t\t\t\t\t\t<div class=\"elementor-container elementor-column-gap-no\">\n\t\t\t\t\t<div class=\"elementor-column elementor-col-100 elementor-inner-column elementor-element elementor-element-34c0ece\" data-id=\"34c0ece\" data-element_type=\"column\">\n\t\t\t<div class=\"elementor-widget-wrap elementor-element-populated\">\n\t\t\t\t\t\t<div class=\"elementor-element elementor-element-78d121b elementor-widget elementor-widget-kiddinosectiontitle\" data-id=\"78d121b\" data-element_type=\"widget\" data-widget_type=\"kiddinosectiontitle.default\">\n\t\t\t\t<div class=\"elementor-widget-container\">\n\t\t\t\t\t<!-- Section Title --><div class=\"title-area\" ><h2 class=\"sec-title title-selector\">Platform konumu<\/h2><p class=\"sec-text\">\n<\/p><\/div><!-- End Section Title -->\t\t\t\t<\/div>\n\t\t\t\t<\/div>\n\t\t\t\t<div class=\"elementor-element elementor-element-61e2ad1 elementor-widget elementor-widget-google_maps\" data-id=\"61e2ad1\" data-element_type=\"widget\" data-widget_type=\"google_maps.default\">\n\t\t\t\t\t\t\t<div class=\"elementor-custom-embed\">\n\t\t\t<iframe loading=\"lazy\"\n\t\t\t\t\tsrc=\"https:\/\/maps.google.com\/maps?q=istanbul%20esenler%20meydan&#038;t=m&#038;z=13&#038;output=embed&#038;iwloc=near\"\n\t\t\t\t\ttitle=\"istanbul esenler meydan\"\n\t\t\t\t\taria-label=\"istanbul esenler meydan\"\n\t\t\t><\/iframe>\n\t\t<\/div>\n\t\t\t\t\t\t<\/div>\n\t\t\t\t\t<\/div>\n\t\t<\/div>\n\t\t\t\t\t<\/div>\n\t\t<\/section>\n\t\t\t\t\t<\/div>\n\t\t<\/div>\n\t\t\t\t\t<\/div>\n\t\t<\/section>\n\t\t\t\t<\/div>","protected":false},"excerpt":{"rendered":"<p>\u0631\u0642\u0645 \u0627\u0644\u062a\u0648\u0627\u0635\u0644 905550993299+ \u0623\u0648\u0642\u0627\u062a \u0627\u0644\u062f\u0648\u0627\u0645 8.30am \u2013 08.00pm \u0627\u0644\u0628\u0631\u064a\u062f \u0627\u0644\u0625\u0644\u0643\u062a\u0631\u0648\u0646\u064a info@mariam-nur.com \u062a\u0648\u0627\u0635\u0644 \u0645\u0639\u0646\u0627 \u0641\u064a \u062d\u0627\u0644 \u0623\u0631\u062f\u062a \u0627\u0644\u0625\u0633\u062a\u0641\u0633\u0627\u0631 \u0639\u0646 \u0623\u064a \u0634\u064a\u0626 \u0645\u0648\u0642\u0639 \u0627\u0644\u0645\u0646\u0635\u0651\u0629<\/p>","protected":false},"author":1,"featured_media":0,"parent":0,"menu_order":0,"comment_status":"closed","ping_status":"closed","template":"elementor_header_footer","meta":{"footnotes":""},"class_list":["post-22","page","type-page","status-publish","hentry"],"_hostinger_reach_plugin_has_subscription_block":false,"_hostinger_reach_plugin_is_elementor":false,"_links":{"self":[{"href":"https:\/\/mariam-nur.com\/tr\/wp-json\/wp\/v2\/pages\/22","targetHints":{"allow":["GET"]}}],"collection":[{"href":"https:\/\/mariam-nur.com\/tr\/wp-json\/wp\/v2\/pages"}],"about":[{"href":"https:\/\/mariam-nur.com\/tr\/wp-json\/wp\/v2\/types\/page"}],"author":[{"embeddable":true,"href":"https:\/\/mariam-nur.com\/tr\/wp-json\/wp\/v2\/users\/1"}],"replies":[{"embeddable":true,"href":"https:\/\/mariam-nur.com\/tr\/wp-json\/wp\/v2\/comments?post=22"}],"version-history":[{"count":23,"href":"https:\/\/mariam-nur.com\/tr\/wp-json\/wp\/v2\/pages\/22\/revisions"}],"predecessor-version":[{"id":6846,"href":"https:\/\/mariam-nur.com\/tr\/wp-json\/wp\/v2\/pages\/22\/revisions\/6846"}],"wp:attachment":[{"href":"https:\/\/mariam-nur.com\/tr\/wp-json\/wp\/v2\/media?parent=22"}],"curies":[{"name":"wp","href":"https:\/\/api.w.org\/{rel}","templated":true}]}}