{"id":1874,"date":"2023-08-25T13:57:42","date_gmt":"2023-08-25T11:57:42","guid":{"rendered":"https:\/\/wordpress.vecurosoft.com\/kiddino\/?page_id=1874"},"modified":"2026-01-28T21:18:20","modified_gmt":"2026-01-28T21:18:20","slug":"our-class-02","status":"publish","type":"page","link":"https:\/\/mariam-nur.com\/tr\/our-class-02\/","title":{"rendered":"Ders programlar\u0131"},"content":{"rendered":"<div data-elementor-type=\"wp-page\" data-elementor-id=\"1874\" class=\"elementor elementor-1874\">\n\t\t\t\t\t\t<section class=\"elementor-section elementor-top-section elementor-element elementor-element-89fd23f elementor-section-full_width elementor-section-height-default elementor-section-height-default\" data-id=\"89fd23f\" data-element_type=\"section\" data-settings=\"{&quot;background_background&quot;:&quot;classic&quot;}\">\n\t\t\t\t\t\t<div class=\"elementor-container elementor-column-gap-no\">\n\t\t\t\t\t<div class=\"elementor-column elementor-col-100 elementor-top-column elementor-element elementor-element-fc09d8c\" data-id=\"fc09d8c\" data-element_type=\"column\">\n\t\t\t<div class=\"elementor-widget-wrap elementor-element-populated\">\n\t\t\t\t\t\t<section class=\"elementor-section elementor-inner-section elementor-element elementor-element-73f1a60 elementor-section-boxed elementor-section-height-default elementor-section-height-default\" data-id=\"73f1a60\" data-element_type=\"section\">\n\t\t\t\t\t\t<div class=\"elementor-container elementor-column-gap-no\">\n\t\t\t\t\t<div class=\"elementor-column elementor-col-100 elementor-inner-column elementor-element elementor-element-1376b93\" data-id=\"1376b93\" data-element_type=\"column\">\n\t\t\t<div class=\"elementor-widget-wrap elementor-element-populated\">\n\t\t\t\t\t\t<div class=\"elementor-element elementor-element-f3e1432 elementor-widget elementor-widget-kiddinoclassbox\" data-id=\"f3e1432\" data-element_type=\"widget\" data-settings=\"{&quot;per_line&quot;:&quot;3&quot;,&quot;per_line_tablet&quot;:&quot;6&quot;,&quot;per_line_mobile&quot;:&quot;12&quot;}\" data-widget_type=\"kiddinoclassbox.default\">\n\t\t\t\t<div class=\"elementor-widget-container\">\n\t\t\t\t\t\t\t\t\t\t<div class=\"row\" >\n\t\t\t\t\t\t\t\t\t\t\t\t\t\t\t\t<div class=\"col-xl-3 col-md-6\">\n\t\t\t\t\t\t<div class=\"class-style2\"> \n\n\t\t\t\t\t\t\t<h3 class=\"class-title h5\">\n\t\t\t\t\t\t\t\t<a class=\"text-inherit\" href=\"https:\/\/mariam-nur.com\/tr\/all-classs\/brain-train-2\/\">\n\t\t\t\t\t\t\t\t\tKuran-\u0131 Kerim kursu\t\t\t\t\t\t\t\t<\/a>\n\t\t\t\t\t\t\t<\/h3>\n\n\t\t\t\t\t\t\t\t\t\t\t\t\t\t\t<div class=\"class-img\">\n\t\t\t\t\t\t\t\t\t<div class=\"img\"  >\n\t\t\t\t\t\t\t\t\t\t<a href=\"https:\/\/mariam-nur.com\/tr\/all-classs\/brain-train-2\/\">\n\t\t\t\t\t\t\t\t\t\t\t<img fetchpriority=\"high\" decoding=\"async\" width=\"230\" height=\"230\" src=\"https:\/\/mariam-nur.com\/wp-content\/uploads\/2026\/01\/classes3-1-230x230.jpg\" class=\"attachment-kiddino-class-post-two size-kiddino-class-post-two wp-post-image\" alt=\"\" srcset=\"https:\/\/mariam-nur.com\/wp-content\/uploads\/2026\/01\/classes3-1-230x230.jpg 230w, https:\/\/mariam-nur.com\/wp-content\/uploads\/2026\/01\/classes3-1-150x150.jpg 150w, https:\/\/mariam-nur.com\/wp-content\/uploads\/2026\/01\/classes3-1-100x100.jpg 100w, https:\/\/mariam-nur.com\/wp-content\/uploads\/2026\/01\/classes3-1-300x300.jpg 300w\" sizes=\"(max-width: 230px) 100vw, 230px\" \/>\t\t\t\t\t\t\t\t\t\t<\/a>\n\t\t\t\t\t\t\t\t\t<\/div>\n\t\t\t\t\t\t\t\t\t<span class=\"class-number\">\n\t\t\t\t\t\t\t\t\t\t01\t\t\t\t\t\t\t\t\t<\/span>\n\t\t\t\t\t\t\t\t<\/div>\n\t\t\t\t\t\t\t\n\t\t\t\t\t\t\t<!-- meta info -->\n\t\t\t\t\t\t\t\t\t\t\t\t\t\t\t<p style=\"text-align: right\"><strong>Oturum s\u00fcresi:<\/strong> 25-30 dakika aras\u0131<\/p>\n<p style=\"text-align: right\"><strong>Seans say\u0131s\u0131:<\/strong> Her g\u00fcn Cumartesi ve Pazar g\u00fcn\u00fcne haric<\/p>\n<p style=\"text-align: right\"><strong>Ya\u015f:<\/strong> Be\u015f ya\u015f\u0131ndan itibaren ba\u015fl\u0131yoruz.<\/p>\n\t\t\t\t\t\t\t\n\t\t\t\t\t\t\t\t\t\t\t\t\t<\/div>\n\t\t\t\t\t<\/div> \n\t\t\t\t\t\t\t\t\t\t\t\t\t\t\t\t\t\t\t\t<div class=\"col-xl-3 col-md-6\">\n\t\t\t\t\t\t<div class=\"class-style2\"> \n\n\t\t\t\t\t\t\t<h3 class=\"class-title h5\">\n\t\t\t\t\t\t\t\t<a class=\"text-inherit\" href=\"https:\/\/mariam-nur.com\/tr\/all-classs\/drawing-paintings\/\">\n\t\t\t\t\t\t\t\t\tNurani Kaide'nin Dersleri\t\t\t\t\t\t\t\t<\/a>\n\t\t\t\t\t\t\t<\/h3>\n\n\t\t\t\t\t\t\t\t\t\t\t\t\t\t\t<div class=\"class-img\">\n\t\t\t\t\t\t\t\t\t<div class=\"img\"  >\n\t\t\t\t\t\t\t\t\t\t<a href=\"https:\/\/mariam-nur.com\/tr\/all-classs\/drawing-paintings\/\">\n\t\t\t\t\t\t\t\t\t\t\t<img decoding=\"async\" width=\"230\" height=\"230\" src=\"https:\/\/mariam-nur.com\/wp-content\/uploads\/2023\/08\/classes1-230x230.jpg\" class=\"attachment-kiddino-class-post-two size-kiddino-class-post-two wp-post-image\" alt=\"\" srcset=\"https:\/\/mariam-nur.com\/wp-content\/uploads\/2023\/08\/classes1-230x230.jpg 230w, https:\/\/mariam-nur.com\/wp-content\/uploads\/2023\/08\/classes1-150x150.jpg 150w, https:\/\/mariam-nur.com\/wp-content\/uploads\/2023\/08\/classes1-100x100.jpg 100w, https:\/\/mariam-nur.com\/wp-content\/uploads\/2023\/08\/classes1-300x300.jpg 300w\" sizes=\"(max-width: 230px) 100vw, 230px\" \/>\t\t\t\t\t\t\t\t\t\t<\/a>\n\t\t\t\t\t\t\t\t\t<\/div>\n\t\t\t\t\t\t\t\t\t<span class=\"class-number\">\n\t\t\t\t\t\t\t\t\t\t02\t\t\t\t\t\t\t\t\t<\/span>\n\t\t\t\t\t\t\t\t<\/div>\n\t\t\t\t\t\t\t\n\t\t\t\t\t\t\t<!-- meta info -->\n\t\t\t\t\t\t\t\t\t\t\t\t\t\t\t<p style=\"text-align: right\"><strong>Oturum s\u00fcresi:<\/strong> 25 ila 30 dakika aras\u0131<\/p>\n<p style=\"text-align: right\"><strong>Seans say\u0131s\u0131:<\/strong> Her g\u00fcn Cumartesi ve Pazar g\u00fcn\u00fcne haric<\/p>\n<p style=\"text-align: right\"><strong>Ya\u015f:<\/strong> Be\u015f ya\u015f\u0131ndan itibaren ba\u015fl\u0131yoruz.<\/p>\n\t\t\t\t\t\t\t\n\t\t\t\t\t\t\t\t\t\t\t\t\t<\/div>\n\t\t\t\t\t<\/div> \n\t\t\t\t\t\t\t\t\t\t\t\t\t\t\t\t\t\t\t\t<div class=\"col-xl-3 col-md-6\">\n\t\t\t\t\t\t<div class=\"class-style2\"> \n\n\t\t\t\t\t\t\t<h3 class=\"class-title h5\">\n\t\t\t\t\t\t\t\t<a class=\"text-inherit\" href=\"https:\/\/mariam-nur.com\/tr\/all-classs\/alphabet-matching\/\">\n\t\t\t\t\t\t\t\t\tArap\u00e7a\t\t\t\t\t\t\t\t<\/a>\n\t\t\t\t\t\t\t<\/h3>\n\n\t\t\t\t\t\t\t\t\t\t\t\t\t\t\t<div class=\"class-img\">\n\t\t\t\t\t\t\t\t\t<div class=\"img\"  >\n\t\t\t\t\t\t\t\t\t\t<a href=\"https:\/\/mariam-nur.com\/tr\/all-classs\/alphabet-matching\/\">\n\t\t\t\t\t\t\t\t\t\t\t<img decoding=\"async\" width=\"230\" height=\"230\" src=\"https:\/\/mariam-nur.com\/wp-content\/uploads\/2026\/01\/classes6-1-230x230.jpg\" class=\"attachment-kiddino-class-post-two size-kiddino-class-post-two wp-post-image\" alt=\"\" srcset=\"https:\/\/mariam-nur.com\/wp-content\/uploads\/2026\/01\/classes6-1-230x230.jpg 230w, https:\/\/mariam-nur.com\/wp-content\/uploads\/2026\/01\/classes6-1-150x150.jpg 150w, https:\/\/mariam-nur.com\/wp-content\/uploads\/2026\/01\/classes6-1-100x100.jpg 100w, https:\/\/mariam-nur.com\/wp-content\/uploads\/2026\/01\/classes6-1-300x300.jpg 300w\" sizes=\"(max-width: 230px) 100vw, 230px\" \/>\t\t\t\t\t\t\t\t\t\t<\/a>\n\t\t\t\t\t\t\t\t\t<\/div>\n\t\t\t\t\t\t\t\t\t<span class=\"class-number\">\n\t\t\t\t\t\t\t\t\t\t03\t\t\t\t\t\t\t\t\t<\/span>\n\t\t\t\t\t\t\t\t<\/div>\n\t\t\t\t\t\t\t\n\t\t\t\t\t\t\t<!-- meta info -->\n\t\t\t\t\t\t\t\t\t\t\t\t\t\t\t<p style=\"text-align: right\"><strong>Oturum s\u00fcresi:<\/strong> 40 dakika<\/p>\n<p style=\"text-align: right\"><strong>Seans say\u0131s\u0131:<\/strong> Haftada iki kez<\/p>\n<p style=\"text-align: right\"><strong>Ya\u015f:<\/strong> Be\u015f ya\u015f\u0131ndan itibaren ba\u015fl\u0131yoruz.<\/p>\n\t\t\t\t\t\t\t\n\t\t\t\t\t\t\t\t\t\t\t\t\t<\/div>\n\t\t\t\t\t<\/div> \n\t\t\t\t\t\t\t\t\t\t\t\t\t\t\t\t\t\t\t\t<div class=\"col-xl-3 col-md-6\">\n\t\t\t\t\t\t<div class=\"class-style2\"> \n\n\t\t\t\t\t\t\t<h3 class=\"class-title h5\">\n\t\t\t\t\t\t\t\t<a class=\"text-inherit\" href=\"https:\/\/mariam-nur.com\/tr\/all-classs\/ict-training\/\">\n\t\t\t\t\t\t\t\t\t\u0627\u0644\u0644\u063a\u0629 \u0627\u0644\u062a\u0631\u0643\u064a\u0651\u0629\t\t\t\t\t\t\t\t<\/a>\n\t\t\t\t\t\t\t<\/h3>\n\n\t\t\t\t\t\t\t\t\t\t\t\t\t\t\t<div class=\"class-img\">\n\t\t\t\t\t\t\t\t\t<div class=\"img\"  >\n\t\t\t\t\t\t\t\t\t\t<a href=\"https:\/\/mariam-nur.com\/tr\/all-classs\/ict-training\/\">\n\t\t\t\t\t\t\t\t\t\t\t<img loading=\"lazy\" decoding=\"async\" width=\"230\" height=\"230\" src=\"https:\/\/mariam-nur.com\/wp-content\/uploads\/2023\/08\/virtual-classroom-study-space-1-230x230.jpg\" class=\"attachment-kiddino-class-post-two size-kiddino-class-post-two wp-post-image\" alt=\"\" srcset=\"https:\/\/mariam-nur.com\/wp-content\/uploads\/2023\/08\/virtual-classroom-study-space-1-230x230.jpg 230w, https:\/\/mariam-nur.com\/wp-content\/uploads\/2023\/08\/virtual-classroom-study-space-1-150x150.jpg 150w, https:\/\/mariam-nur.com\/wp-content\/uploads\/2023\/08\/virtual-classroom-study-space-1-100x100.jpg 100w, https:\/\/mariam-nur.com\/wp-content\/uploads\/2023\/08\/virtual-classroom-study-space-1-300x300.jpg 300w\" sizes=\"(max-width: 230px) 100vw, 230px\" \/>\t\t\t\t\t\t\t\t\t\t<\/a>\n\t\t\t\t\t\t\t\t\t<\/div>\n\t\t\t\t\t\t\t\t\t<span class=\"class-number\">\n\t\t\t\t\t\t\t\t\t\t04\t\t\t\t\t\t\t\t\t<\/span>\n\t\t\t\t\t\t\t\t<\/div>\n\t\t\t\t\t\t\t\n\t\t\t\t\t\t\t<!-- meta info -->\n\t\t\t\t\t\t\t\t\t\t\t\t\t\t\t<p style=\"text-align: right\"><strong>Oturum s\u00fcresi:<\/strong> 40 dakika<\/p>\n<p style=\"text-align: right\"><strong>Seans say\u0131s\u0131:<\/strong> \u062c\u0644\u0633\u062a\u064a\u0646 \u0641\u064a \u0627\u0644\u0623\u0633\u0628\u0648\u0639<\/p>\n<p style=\"text-align: right\"><strong>Ya\u015f:<\/strong> \u0646\u0628\u062f\u0622 \u0645\u0646 \u0639\u0645\u0631 \u062e\u0645\u0633 \u0633\u0646\u0648\u0627\u062a<\/p>\n\t\t\t\t\t\t\t\n\t\t\t\t\t\t\t\t\t\t\t\t\t<\/div>\n\t\t\t\t\t<\/div> \n\t\t\t\t\t\t\t\t\t\t\t\t\t\t\t\t\t\t\t\t<div class=\"col-xl-3 col-md-6\">\n\t\t\t\t\t\t<div class=\"class-style2\"> \n\n\t\t\t\t\t\t\t<h3 class=\"class-title h5\">\n\t\t\t\t\t\t\t\t<a class=\"text-inherit\" href=\"https:\/\/mariam-nur.com\/tr\/all-classs\/drawing-painting-3\/\">\n\t\t\t\t\t\t\t\t\tingilizce dili\t\t\t\t\t\t\t\t<\/a>\n\t\t\t\t\t\t\t<\/h3>\n\n\t\t\t\t\t\t\t\t\t\t\t\t\t\t\t<div class=\"class-img\">\n\t\t\t\t\t\t\t\t\t<div class=\"img\"  >\n\t\t\t\t\t\t\t\t\t\t<a href=\"https:\/\/mariam-nur.com\/tr\/all-classs\/drawing-painting-3\/\">\n\t\t\t\t\t\t\t\t\t\t\t<img loading=\"lazy\" decoding=\"async\" width=\"230\" height=\"230\" src=\"https:\/\/mariam-nur.com\/wp-content\/uploads\/2023\/08\/virtual-classroom-study-space-2-230x230.jpg\" class=\"attachment-kiddino-class-post-two size-kiddino-class-post-two wp-post-image\" alt=\"\" srcset=\"https:\/\/mariam-nur.com\/wp-content\/uploads\/2023\/08\/virtual-classroom-study-space-2-230x230.jpg 230w, https:\/\/mariam-nur.com\/wp-content\/uploads\/2023\/08\/virtual-classroom-study-space-2-150x150.jpg 150w, https:\/\/mariam-nur.com\/wp-content\/uploads\/2023\/08\/virtual-classroom-study-space-2-100x100.jpg 100w, https:\/\/mariam-nur.com\/wp-content\/uploads\/2023\/08\/virtual-classroom-study-space-2-300x300.jpg 300w\" sizes=\"(max-width: 230px) 100vw, 230px\" \/>\t\t\t\t\t\t\t\t\t\t<\/a>\n\t\t\t\t\t\t\t\t\t<\/div>\n\t\t\t\t\t\t\t\t\t<span class=\"class-number\">\n\t\t\t\t\t\t\t\t\t\t05\t\t\t\t\t\t\t\t\t<\/span>\n\t\t\t\t\t\t\t\t<\/div>\n\t\t\t\t\t\t\t\n\t\t\t\t\t\t\t<!-- meta info -->\n\t\t\t\t\t\t\t\t\t\t\t\t\t\t\t<p style=\"text-align: right\"><strong>Oturum s\u00fcresi:<\/strong> 40 dakika<\/p>\n<p style=\"text-align: right\"><strong>Seans say\u0131s\u0131:<\/strong> \u062c\u0644\u0633\u062a\u064a\u0646 \u0641\u064a \u0627\u0644\u0623\u0633\u0628\u0648\u0639<\/p>\n<p style=\"text-align: right\"><strong>Ya\u015f:<\/strong> \u0646\u0628\u062f\u0622 \u0645\u0646 \u0639\u0645\u0631 \u062e\u0645\u0633 \u0633\u0646\u0648\u0627\u062a<\/p>\n\t\t\t\t\t\t\t\n\t\t\t\t\t\t\t\t\t\t\t\t\t<\/div>\n\t\t\t\t\t<\/div> \n\t\t\t\t\t\t\t\t\t\t\t\t\t\t\t\t\t\t\t\t<div class=\"col-xl-3 col-md-6\">\n\t\t\t\t\t\t<div class=\"class-style2\"> \n\n\t\t\t\t\t\t\t<h3 class=\"class-title h5\">\n\t\t\t\t\t\t\t\t<a class=\"text-inherit\" href=\"https:\/\/mariam-nur.com\/tr\/all-classs\/math-solution\/\">\n\t\t\t\t\t\t\t\t\t\u062f\u0631\u0633 \u0627\u0644\u0631\u064a\u0627\u0636\u064a\u0651\u0627\u062a\t\t\t\t\t\t\t\t<\/a>\n\t\t\t\t\t\t\t<\/h3>\n\n\t\t\t\t\t\t\t\t\t\t\t\t\t\t\t<div class=\"class-img\">\n\t\t\t\t\t\t\t\t\t<div class=\"img\"  >\n\t\t\t\t\t\t\t\t\t\t<a href=\"https:\/\/mariam-nur.com\/tr\/all-classs\/math-solution\/\">\n\t\t\t\t\t\t\t\t\t\t\t<img loading=\"lazy\" decoding=\"async\" width=\"230\" height=\"230\" src=\"https:\/\/mariam-nur.com\/wp-content\/uploads\/2023\/08\/young-elementary-school-girl-watching-online-education-class-coronavirus-covid-19-lockdown-education-concept-230x230.jpg\" class=\"attachment-kiddino-class-post-two size-kiddino-class-post-two wp-post-image\" alt=\"\" srcset=\"https:\/\/mariam-nur.com\/wp-content\/uploads\/2023\/08\/young-elementary-school-girl-watching-online-education-class-coronavirus-covid-19-lockdown-education-concept-230x230.jpg 230w, https:\/\/mariam-nur.com\/wp-content\/uploads\/2023\/08\/young-elementary-school-girl-watching-online-education-class-coronavirus-covid-19-lockdown-education-concept-150x150.jpg 150w, https:\/\/mariam-nur.com\/wp-content\/uploads\/2023\/08\/young-elementary-school-girl-watching-online-education-class-coronavirus-covid-19-lockdown-education-concept-100x100.jpg 100w, https:\/\/mariam-nur.com\/wp-content\/uploads\/2023\/08\/young-elementary-school-girl-watching-online-education-class-coronavirus-covid-19-lockdown-education-concept-300x300.jpg 300w\" sizes=\"(max-width: 230px) 100vw, 230px\" \/>\t\t\t\t\t\t\t\t\t\t<\/a>\n\t\t\t\t\t\t\t\t\t<\/div>\n\t\t\t\t\t\t\t\t\t<span class=\"class-number\">\n\t\t\t\t\t\t\t\t\t\t06\t\t\t\t\t\t\t\t\t<\/span>\n\t\t\t\t\t\t\t\t<\/div>\n\t\t\t\t\t\t\t\n\t\t\t\t\t\t\t<!-- meta info -->\n\t\t\t\t\t\t\t\t\t\t\t\t\t\t\t<p style=\"text-align: right\"><strong>Oturum s\u00fcresi:<\/strong> 40 dakika<\/p>\n<p style=\"text-align: right\"><strong>Seans say\u0131s\u0131:<\/strong> \u062c\u0644\u0633\u062a\u064a\u0646 \u0641\u064a \u0627\u0644\u0623\u0633\u0628\u0648\u0639<\/p>\n<p style=\"text-align: right\"><strong>\u0627\u0644\u0639\u0645\u0631<\/strong> : \u0646\u0628\u062f\u0622 \u0645\u0646 \u0639\u0645\u0631 \u0627\u0644\u062e\u0645\u0633 \u0633\u0646\u0648\u0627\u062a<\/p>\n\t\t\t\t\t\t\t\n\t\t\t\t\t\t\t\t\t\t\t\t\t<\/div>\n\t\t\t\t\t<\/div> \n\t\t\t\t\t\t\t\t\t\t\t<div class=\"vs-pagination\"><ul><li><a href=\"https:\/\/mariam-nur.com\/tr\/wp-json\/wp\/v2\/pages\/1874\/\">1<\/a><\/li><\/ul><\/div>\t\t\t\t\t<\/div>\n\t\t\t\t\t<\/div>\n\t\t\t\t<\/div>\n\t\t\t\t\t<\/div>\n\t\t<\/div>\n\t\t\t\t\t<\/div>\n\t\t<\/section>\n\t\t\t\t\t<\/div>\n\t\t<\/div>\n\t\t\t\t\t<\/div>\n\t\t<\/section>\n\t\t\t\t<\/div>","protected":false},"excerpt":{"rendered":"<p>\u062f\u0648\u0631\u0629 \u0627\u0644\u0642\u0631\u0622\u0646 \u0627\u0644\u0643\u0631\u064a\u0645 01 \u0645\u062f\u0629 \u0627\u0644\u062c\u0644\u0633\u0629 : \u0645\u0627 \u0628\u064a\u0646 25-30 \u062f\u0642\u064a\u0642\u0629 \u0639\u062f\u062f \u0627\u0644\u062c\u0644\u0633\u0627\u062a : \u0643\u0644 \u064a\u0648\u0645 \u0645\u0627 \u0639\u062f\u0644\u0627 \u0627\u0644\u0633\u0628\u062a \u0648\u0627\u0644\u0623\u062d\u062f \u0627\u0644\u0639\u0645\u0631 : \u0646\u0628\u062f\u0623 \u0645\u0646 \u0639\u0645\u0631 \u062e\u0645\u0633 \u0633\u0646\u0648\u0627\u062a \u062f\u0631\u0648\u0633 \u0627\u0644\u0642\u0627\u0639\u062f\u0629 \u0627\u0644\u0646\u0648\u0631\u0627\u0646\u064a\u0651\u0629 02 \u0645\u062f\u0629 \u0627\u0644\u062c\u0644\u0633\u0629 : \u0645\u0627 \u0628\u064a\u0646 25 &#8211; 30 \u062f\u0642\u064a\u0642\u0629 \u0639\u062f\u062f \u0627\u0644\u062c\u0644\u0633\u0627\u062a : \u0643\u0644 \u064a\u0648\u0645 \u0645\u0627 \u0639\u062f\u0627 \u0627\u0644\u0633\u0628\u062a \u0648\u0627\u0644\u0623\u062d\u062f \u0627\u0644\u0639\u0645\u0631 : \u0646\u0628\u062f\u0623 \u0645\u0646 \u0639\u0645\u0631 \u062e\u0645\u0633&#8230;<\/p>","protected":false},"author":1,"featured_media":0,"parent":0,"menu_order":0,"comment_status":"closed","ping_status":"closed","template":"elementor_header_footer","meta":{"footnotes":""},"class_list":["post-1874","page","type-page","status-publish","hentry"],"_hostinger_reach_plugin_has_subscription_block":false,"_hostinger_reach_plugin_is_elementor":false,"_links":{"self":[{"href":"https:\/\/mariam-nur.com\/tr\/wp-json\/wp\/v2\/pages\/1874","targetHints":{"allow":["GET"]}}],"collection":[{"href":"https:\/\/mariam-nur.com\/tr\/wp-json\/wp\/v2\/pages"}],"about":[{"href":"https:\/\/mariam-nur.com\/tr\/wp-json\/wp\/v2\/types\/page"}],"author":[{"embeddable":true,"href":"https:\/\/mariam-nur.com\/tr\/wp-json\/wp\/v2\/users\/1"}],"replies":[{"embeddable":true,"href":"https:\/\/mariam-nur.com\/tr\/wp-json\/wp\/v2\/comments?post=1874"}],"version-history":[{"count":4,"href":"https:\/\/mariam-nur.com\/tr\/wp-json\/wp\/v2\/pages\/1874\/revisions"}],"predecessor-version":[{"id":6850,"href":"https:\/\/mariam-nur.com\/tr\/wp-json\/wp\/v2\/pages\/1874\/revisions\/6850"}],"wp:attachment":[{"href":"https:\/\/mariam-nur.com\/tr\/wp-json\/wp\/v2\/media?parent=1874"}],"curies":[{"name":"wp","href":"https:\/\/api.w.org\/{rel}","templated":true}]}}